{"id":698,"date":"2024-01-18T08:26:20","date_gmt":"2024-01-18T08:26:20","guid":{"rendered":"https:\/\/tatdkursgunleri.org\/2025\/?page_id=698"},"modified":"2025-05-29T09:44:51","modified_gmt":"2025-05-29T09:44:51","slug":"bildiri-gonderimi","status":"publish","type":"page","link":"https:\/\/tatdkursgunleri.org\/2025\/bildiri-gonderimi\/","title":{"rendered":"Bildiri G\u00f6nderimi"},"content":{"rendered":"\t\t<div data-elementor-type=\"wp-page\" data-elementor-id=\"698\" class=\"elementor elementor-698\" data-elementor-post-type=\"page\">\n\t\t\t\t<div class=\"elementor-element elementor-element-188f113d e-flex e-con-boxed wpr-particle-no wpr-jarallax-no wpr-parallax-no wpr-sticky-section-no e-con e-parent\" data-id=\"188f113d\" data-element_type=\"container\">\n\t\t\t\t\t<div class=\"e-con-inner\">\n\t\t<div class=\"elementor-element elementor-element-19f2dea e-con-full e-flex wpr-particle-no wpr-jarallax-no wpr-parallax-no wpr-sticky-section-no e-con e-child\" data-id=\"19f2dea\" data-element_type=\"container\" data-settings=\"{&quot;background_background&quot;:&quot;classic&quot;}\">\n\t\t\t\t<div class=\"elementor-element elementor-element-87a35ea elementor-widget elementor-widget-text-editor\" data-id=\"87a35ea\" data-element_type=\"widget\" data-widget_type=\"text-editor.default\">\n\t\t\t\t<div class=\"elementor-widget-container\">\n\t\t\t\t\t\t\t\t\t<p><strong>Kongremize sadece s\u00f6zl\u00fc bildiriler kabul edilecektir. Poster bildirileri kongremizde yer almamaktad\u0131r.\u00a0<\/strong><\/p>\t\t\t\t\t\t\t\t<\/div>\n\t\t\t\t<\/div>\n\t\t\t\t<\/div>\n\t\t\t\t<div class=\"elementor-element elementor-element-1ca8cae elementor-widget elementor-widget-text-editor\" data-id=\"1ca8cae\" data-element_type=\"widget\" data-widget_type=\"text-editor.default\">\n\t\t\t\t<div class=\"elementor-widget-container\">\n\t\t\t\t\t\t\t\t\t<h4 class=\"wp-block-heading\"><strong>\u00d6zet Ba\u015fvurusu S\u0131ras\u0131nda Dikkat Edilecek Noktalar ve G\u00f6nderme Kurallar\u0131<\/strong><\/h4>\n<p><!-- \/wp:heading --><!-- wp:paragraph --><\/p>\n<p>Bildiri \u00f6zetleri, bildiri sistemi kullan\u0131larak web sitesi \u00fczerinden online \u015fekilde <strong>T\u00dcRK\u00c7E<\/strong> g\u00f6nderilmelidir. Bildirinizin kongre sonras\u0131 yay\u0131nlanacak bildiri \u00f6zet kitab\u0131nda <strong>Tam Metin<\/strong> olarak yer almas\u0131n\u0131 isterseniz \u00f6zetiniz ile birlikte sistem i\u00e7erisinde yer alan <strong>Tam Metin<\/strong> sekmesinden gerekli eklemeyi yapabilirsiniz. Tam Metninizin Kaynaklar dahil olmak \u00fczere 1.200 kelimeyi a\u015fmamas\u0131 gerekmektedir. Sistemden ba\u011f\u0131ms\u0131z olarak e-mail ve posta yoluyla g\u00f6nderilen bildiri \u00f6zetleri kabul edilmeyecektir. \u0130nternet \u00fczerinden g\u00f6nderilen \u00f6zetler, kabul edilmesi halinde ayn\u0131 \u015fekilde yay\u0131nlanaca\u011f\u0131 i\u00e7in yaz\u0131m hatalar\u0131na dikkat edilmesi gerekir.<\/p>\n<p><!-- \/wp:paragraph --><!-- wp:paragraph --><\/p>\n<p>Kongreye bildiri g\u00f6nderen yazarlardan en az birinin kayd\u0131\u00a0<strong>20 Mart 2025, 17:00\u2019a kadar<\/strong>\u00a0yap\u0131lm\u0131\u015f olmal\u0131d\u0131r. Kay\u0131t d\u0131\u015f\u0131 olan ya da belirtilen zaman diliminde kongrede sunulmayan bildiriler, kongre kitab\u0131nda yay\u0131nlanmayacakt\u0131r.<\/p>\t\t\t\t\t\t\t\t<\/div>\n\t\t\t\t<\/div>\n\t\t\t\t<div class=\"elementor-element elementor-element-378879f elementor-align-center elementor-widget elementor-widget-button\" data-id=\"378879f\" data-element_type=\"widget\" data-widget_type=\"button.default\">\n\t\t\t\t<div class=\"elementor-widget-container\">\n\t\t\t\t\t\t\t\t\t<div class=\"elementor-button-wrapper\">\n\t\t\t\t\t<a class=\"elementor-button elementor-button-link elementor-size-sm\" href=\"#\" target=\"_blank\">\n\t\t\t\t\t\t<span class=\"elementor-button-content-wrapper\">\n\t\t\t\t\t\t\t\t\t<span class=\"elementor-button-text\">B\u0130LD\u0130R\u0130 G\u00d6NDER\u0130M\u0130 KAPANMI\u015eTIR<\/span>\n\t\t\t\t\t<\/span>\n\t\t\t\t\t<\/a>\n\t\t\t\t<\/div>\n\t\t\t\t\t\t\t\t<\/div>\n\t\t\t\t<\/div>\n\t\t<div class=\"elementor-element elementor-element-ccc9b8f e-con-full e-flex wpr-particle-no wpr-jarallax-no wpr-parallax-no wpr-sticky-section-no e-con e-child\" data-id=\"ccc9b8f\" data-element_type=\"container\" data-settings=\"{&quot;background_background&quot;:&quot;classic&quot;}\">\n\t\t\t\t<div class=\"elementor-element elementor-element-a1faab6 elementor-widget elementor-widget-text-editor\" data-id=\"a1faab6\" data-element_type=\"widget\" data-widget_type=\"text-editor.default\">\n\t\t\t\t<div class=\"elementor-widget-container\">\n\t\t\t\t\t\t\t\t\t<p><strong>Bildiri G\u00f6nderim Son Tarihi: 24 Mart 23:59<\/strong><\/p>\t\t\t\t\t\t\t\t<\/div>\n\t\t\t\t<\/div>\n\t\t\t\t<\/div>\n\t\t\t\t<div class=\"elementor-element elementor-element-e198370 elementor-widget elementor-widget-text-editor\" data-id=\"e198370\" data-element_type=\"widget\" data-widget_type=\"text-editor.default\">\n\t\t\t\t<div class=\"elementor-widget-container\">\n\t\t\t\t\t\t\t\t\t<!-- wp:paragraph {\"backgroundColor\":\"vivid-green-cyan\"} --><!-- \/wp:paragraph --><!-- wp:heading {\"level\":4} -->\n<h4 class=\"wp-block-heading\"><strong>Yaz\u0131m Kurallar\u0131<\/strong><\/h4>\n<!-- \/wp:heading --><!-- wp:list -->\n<ul class=\"wp-block-list\"><!-- wp:list-item -->\n<li>\u00d6zetler ve tam metin bildiriler online bildiri sistemi ile toplanacakt\u0131r.<\/li>\n<!-- \/wp:list-item --><!-- wp:list-item -->\n<li>Yazar isimlerinde akademik unvan kullan\u0131lmamal\u0131d\u0131r.<\/li>\n<!-- \/wp:list-item --><!-- wp:list-item -->\n<li>\u0130simler sadece ilk harf b\u00fcy\u00fck olacak \u015fekilde k\u00fc\u00e7\u00fck harflerle yaz\u0131lmal\u0131d\u0131r.<\/li>\n<!-- \/wp:list-item --><!-- wp:list-item -->\n<li>Yazarlar\u0131n \u00e7al\u0131\u015ft\u0131klar\u0131 kurumlar\u0131n ad ve adresleri mutlaka belirtilmelidir.<\/li>\n<!-- \/wp:list-item --><!-- wp:list-item -->\n<li>Ba\u015fl\u0131\u011f\u0131n sadece ilk harfi b\u00fcy\u00fck yaz\u0131lmal\u0131d\u0131r. (K\u0131saltmalar istisnad\u0131r.)<\/li>\n<!-- \/wp:list-item --><!-- wp:list-item -->\n<li>Metin i\u00e7inde k\u0131saltma kullan\u0131lmas\u0131 halinde, k\u0131saltman\u0131n a\u00e7\u0131k ad\u0131 parantez i\u00e7inde belirtilmelidir.<\/li>\n<!-- \/wp:list-item --><!-- wp:list-item -->\n<li>Metinde \u00e7al\u0131\u015fman\u0131n amac\u0131 ve kullan\u0131lan y\u00f6ntemler k\u0131saca belirtilmeli, bulgular yeterli say\u0131sal ayr\u0131nt\u0131yla birlikte \u00f6zetlenmeli ve sunulan bulgular \u00e7er\u00e7evesinde sonu\u00e7 a\u00e7\u0131klanmal\u0131d\u0131r.<\/li>\n<!-- \/wp:list-item --><!-- wp:list-item -->\n<li>Metin; ama\u00e7, y\u00f6ntem, bulgular ve sonu\u00e7 ba\u015fl\u0131klar\u0131 kullan\u0131larak yaz\u0131lmal\u0131d\u0131r.<\/li>\n<!-- \/wp:list-item --><!-- wp:list-item -->\n<li>Ama\u00e7 b\u00f6l\u00fcm\u00fcnde \u00e7al\u0131\u015fma konusu hakk\u0131nda ansiklopedik bilgi verilmesinden ka\u00e7\u0131n\u0131lmal\u0131, \u00e7al\u0131\u015fman\u0131n literat\u00fcrdeki hangi bo\u015flu\u011fu doldurdu\u011fu, neden planland\u0131\u011f\u0131, \u00e7al\u0131\u015fman\u0131n ana amac\u0131 k\u0131saca belirtilmelidir. Olgu sunumlar\u0131 i\u00e7in de, olgunuzun sunuma de\u011fer \u00f6zelliklerinizi belirtmeniz beklenmektedir.<\/li>\n<!-- \/wp:list-item --><!-- wp:list-item -->\n<li>Metnin tamam\u0131, ba\u015fl\u0131k ad\u0131, yazar\u0131n ad\u0131, soyad\u0131 hari\u00e7 olmak \u00fczere 600 kelimeyi ge\u00e7memelidir.<\/li>\n<!-- \/wp:list-item --><!-- wp:list-item -->\n<li>Metne SADECE bir tablo ve bir resim dahil edilebilir.<\/li>\n<!-- \/wp:list-item --><\/ul>\n<!-- \/wp:list --><!-- wp:paragraph -->\n<p>Bu maddelerden herhangi birine uymayan bildiri \u00f6zeti, i\u00e7eri\u011fine bak\u0131lmaks\u0131z\u0131n de\u011ferlendirme d\u0131\u015f\u0131 b\u0131rak\u0131lacakt\u0131r.<\/p>\n<!-- \/wp:paragraph --><!-- wp:heading {\"level\":4} -->\n<h4 class=\"wp-block-heading\"><strong>Bildirilerin De\u011ferlendirilmesi<\/strong><\/h4>\n<!-- \/wp:heading --><!-- wp:paragraph -->\n<p>De\u011ferlendirme internet \u00fczerinden ara\u015ft\u0131rmac\u0131lar\u0131n ad\/soyad ve kurumlar\u0131 gizli tutularak (k\u00f6r de\u011ferlendirme \u015feklinde) Bildiri De\u011ferlendirme Komitesi&#8217;nden en az iki bildiri hakemi taraf\u0131ndan yap\u0131lacakt\u0131r. Hakemlerin yapm\u0131\u015f oldu\u011fu de\u011ferlendirmeler sonucunda puanlama ger\u00e7ekle\u015fecek ve kabulleri bildirilecektir. Bildirinin de\u011ferlendirmeye al\u0131nabilmesi i\u00e7in bildiri yazarlar\u0131ndan en az birinin kongre kayd\u0131n\u0131 en ge\u00e7 20 Mart 2025 tarihine kadar tamamlamas\u0131 gerekmektedir. De\u011ferlendirme sonucu t\u00fcm bildiri sahiplerine sonu\u00e7 yaz\u0131s\u0131 olarak g\u00f6nderilecektir.<\/p>\n<!-- \/wp:paragraph --><!-- wp:heading {\"level\":4} -->\n<h4 class=\"wp-block-heading\"><strong>S\u00f6zl\u00fc Sunum Bilgileri<\/strong><\/h4>\n<!-- \/wp:heading --><!-- wp:list -->\n<ul class=\"wp-block-list\"><!-- wp:list-item -->\n<li>S\u00f6zl\u00fc bildiri olarak kabul edilen bildiriler, elektronik sunum programlar\u0131ndan herhangi biriyle haz\u0131rlanabilir.<\/li>\n<!-- \/wp:list-item --><!-- wp:list-item -->\n<li>Her sunum i\u00e7in ayr\u0131lan s\u00fcre iletilecek kabul mektuplar\u0131nda iletilecektir.<\/li>\n<!-- \/wp:list-item --><!-- wp:list-item -->\n<li>Bildiri \u00f6zeti kabul edildi\u011fi halde, bildirisini kongre esnas\u0131nda belirtilen g\u00fcn ve saatte sunmayan yazarlar\u0131n eserleri, kongre bildiri kitab\u0131ndan \u00e7\u0131kar\u0131lacakt\u0131r.<\/li>\n<!-- \/wp:list-item --><\/ul>\n<!-- \/wp:list -->\t\t\t\t\t\t\t\t<\/div>\n\t\t\t\t<\/div>\n\t\t\t\t\t<\/div>\n\t\t\t\t<\/div>\n\t\t\t\t<\/div>\n\t\t","protected":false},"excerpt":{"rendered":"<p>Kongremize sadece s\u00f6zl\u00fc bildiriler kabul edilecektir. Poster bildirileri kongremizde yer almamaktad\u0131r.\u00a0 \u00d6zet Ba\u015fvurusu S\u0131ras\u0131nda Dikkat Edilecek Noktalar ve G\u00f6nderme Kurallar\u0131 Bildiri \u00f6zetleri, bildiri sistemi kullan\u0131larak web sitesi \u00fczerinden online \u015fekilde T\u00dcRK\u00c7E g\u00f6nderilmelidir. Bildirinizin kongre sonras\u0131 yay\u0131nlanacak bildiri \u00f6zet kitab\u0131nda Tam Metin olarak yer almas\u0131n\u0131 isterseniz \u00f6zetiniz ile birlikte sistem i\u00e7erisinde yer alan Tam Metin sekmesinden gerekli eklemeyi yapabilirsiniz. Tam Metninizin Kaynaklar dahil olmak \u00fczere 1.200 kelimeyi a\u015fmamas\u0131 gerekmektedir. Sistemden ba\u011f\u0131ms\u0131z olarak e-mail ve posta yoluyla g\u00f6nderilen bildiri \u00f6zetleri kabul edilmeyecektir. \u0130nternet \u00fczerinden g\u00f6nderilen \u00f6zetler, kabul edilmesi halinde ayn\u0131 \u015fekilde yay\u0131nlanaca\u011f\u0131 i\u00e7in yaz\u0131m hatalar\u0131na dikkat edilmesi gerekir. Kongreye bildiri g\u00f6nderen yazarlardan en az birinin kayd\u0131\u00a020 Mart 2025, 17:00\u2019a kadar\u00a0yap\u0131lm\u0131\u015f olmal\u0131d\u0131r. Kay\u0131t d\u0131\u015f\u0131 olan ya da belirtilen zaman diliminde kongrede sunulmayan bildiriler, kongre kitab\u0131nda yay\u0131nlanmayacakt\u0131r. B\u0130LD\u0130R\u0130 G\u00d6NDER\u0130M\u0130 KAPANMI\u015eTIR Bildiri G\u00f6nderim Son Tarihi: 24 Mart 23:59 Yaz\u0131m Kurallar\u0131 \u00d6zetler ve tam metin bildiriler online bildiri sistemi ile toplanacakt\u0131r. Yazar isimlerinde akademik unvan kullan\u0131lmamal\u0131d\u0131r. \u0130simler sadece ilk harf b\u00fcy\u00fck olacak \u015fekilde k\u00fc\u00e7\u00fck harflerle yaz\u0131lmal\u0131d\u0131r. Yazarlar\u0131n \u00e7al\u0131\u015ft\u0131klar\u0131 kurumlar\u0131n ad ve adresleri mutlaka belirtilmelidir. Ba\u015fl\u0131\u011f\u0131n sadece ilk harfi b\u00fcy\u00fck yaz\u0131lmal\u0131d\u0131r. (K\u0131saltmalar istisnad\u0131r.) Metin i\u00e7inde k\u0131saltma kullan\u0131lmas\u0131 halinde, k\u0131saltman\u0131n a\u00e7\u0131k ad\u0131 parantez i\u00e7inde belirtilmelidir. Metinde \u00e7al\u0131\u015fman\u0131n amac\u0131 ve kullan\u0131lan y\u00f6ntemler k\u0131saca belirtilmeli, bulgular yeterli say\u0131sal ayr\u0131nt\u0131yla birlikte \u00f6zetlenmeli ve sunulan bulgular \u00e7er\u00e7evesinde sonu\u00e7 a\u00e7\u0131klanmal\u0131d\u0131r. Metin; ama\u00e7, y\u00f6ntem, bulgular ve sonu\u00e7 ba\u015fl\u0131klar\u0131 kullan\u0131larak yaz\u0131lmal\u0131d\u0131r. Ama\u00e7 b\u00f6l\u00fcm\u00fcnde \u00e7al\u0131\u015fma konusu hakk\u0131nda ansiklopedik bilgi verilmesinden ka\u00e7\u0131n\u0131lmal\u0131, \u00e7al\u0131\u015fman\u0131n literat\u00fcrdeki hangi bo\u015flu\u011fu doldurdu\u011fu, neden planland\u0131\u011f\u0131, \u00e7al\u0131\u015fman\u0131n ana amac\u0131 k\u0131saca belirtilmelidir. Olgu sunumlar\u0131 i\u00e7in de, olgunuzun sunuma de\u011fer \u00f6zelliklerinizi belirtmeniz beklenmektedir. Metnin tamam\u0131, ba\u015fl\u0131k ad\u0131, yazar\u0131n ad\u0131, soyad\u0131 hari\u00e7 olmak \u00fczere 600 kelimeyi ge\u00e7memelidir. Metne SADECE bir tablo ve bir resim dahil edilebilir. Bu maddelerden herhangi birine uymayan bildiri \u00f6zeti, i\u00e7eri\u011fine bak\u0131lmaks\u0131z\u0131n de\u011ferlendirme d\u0131\u015f\u0131 b\u0131rak\u0131lacakt\u0131r. Bildirilerin De\u011ferlendirilmesi De\u011ferlendirme internet \u00fczerinden ara\u015ft\u0131rmac\u0131lar\u0131n ad\/soyad ve kurumlar\u0131 gizli tutularak (k\u00f6r de\u011ferlendirme \u015feklinde) Bildiri De\u011ferlendirme Komitesi&#8217;nden en az iki bildiri hakemi taraf\u0131ndan yap\u0131lacakt\u0131r. Hakemlerin yapm\u0131\u015f oldu\u011fu de\u011ferlendirmeler sonucunda puanlama ger\u00e7ekle\u015fecek ve kabulleri bildirilecektir. Bildirinin de\u011ferlendirmeye al\u0131nabilmesi i\u00e7in bildiri yazarlar\u0131ndan en az birinin kongre kayd\u0131n\u0131 en ge\u00e7 20 Mart 2025 tarihine kadar tamamlamas\u0131 gerekmektedir. De\u011ferlendirme sonucu t\u00fcm bildiri sahiplerine sonu\u00e7 yaz\u0131s\u0131 olarak g\u00f6nderilecektir. S\u00f6zl\u00fc Sunum Bilgileri S\u00f6zl\u00fc bildiri olarak kabul edilen bildiriler, elektronik sunum programlar\u0131ndan herhangi biriyle haz\u0131rlanabilir. Her sunum i\u00e7in ayr\u0131lan s\u00fcre iletilecek kabul mektuplar\u0131nda iletilecektir. Bildiri \u00f6zeti kabul edildi\u011fi halde, bildirisini kongre esnas\u0131nda belirtilen g\u00fcn ve saatte sunmayan yazarlar\u0131n eserleri, kongre bildiri kitab\u0131ndan \u00e7\u0131kar\u0131lacakt\u0131r.<\/p>\n","protected":false},"author":1,"featured_media":0,"parent":0,"menu_order":0,"comment_status":"closed","ping_status":"closed","template":"","meta":{"_eb_attr":"","footnotes":""},"class_list":["post-698","page","type-page","status-publish","hentry"],"blocksy_meta":[],"_links":{"self":[{"href":"https:\/\/tatdkursgunleri.org\/2025\/wp-json\/wp\/v2\/pages\/698","targetHints":{"allow":["GET"]}}],"collection":[{"href":"https:\/\/tatdkursgunleri.org\/2025\/wp-json\/wp\/v2\/pages"}],"about":[{"href":"https:\/\/tatdkursgunleri.org\/2025\/wp-json\/wp\/v2\/types\/page"}],"author":[{"embeddable":true,"href":"https:\/\/tatdkursgunleri.org\/2025\/wp-json\/wp\/v2\/users\/1"}],"replies":[{"embeddable":true,"href":"https:\/\/tatdkursgunleri.org\/2025\/wp-json\/wp\/v2\/comments?post=698"}],"version-history":[{"count":36,"href":"https:\/\/tatdkursgunleri.org\/2025\/wp-json\/wp\/v2\/pages\/698\/revisions"}],"predecessor-version":[{"id":3141,"href":"https:\/\/tatdkursgunleri.org\/2025\/wp-json\/wp\/v2\/pages\/698\/revisions\/3141"}],"wp:attachment":[{"href":"https:\/\/tatdkursgunleri.org\/2025\/wp-json\/wp\/v2\/media?parent=698"}],"curies":[{"name":"wp","href":"https:\/\/api.w.org\/{rel}","templated":true}]}}