{"id":719,"date":"2024-01-18T09:49:22","date_gmt":"2024-01-18T09:49:22","guid":{"rendered":"https:\/\/tatdkursgunleri.org\/2025\/?page_id=719"},"modified":"2025-04-08T10:29:48","modified_gmt":"2025-04-08T10:29:48","slug":"akreditasyon","status":"publish","type":"page","link":"https:\/\/tatdkursgunleri.org\/2025\/akreditasyon\/","title":{"rendered":"Akreditasyon"},"content":{"rendered":"\n<figure class=\"wp-block-image size-large is-resized\"><img fetchpriority=\"high\" decoding=\"async\" width=\"996\" height=\"1024\" src=\"https:\/\/tatdkursgunleri.org\/2025\/wp-content\/uploads\/2024\/02\/1500x1500-996x1024.png\" alt=\"\" class=\"wp-image-1364\" style=\"width:143px;height:auto\" srcset=\"https:\/\/tatdkursgunleri.org\/2025\/wp-content\/uploads\/2024\/02\/1500x1500-996x1024.png 996w, https:\/\/tatdkursgunleri.org\/2025\/wp-content\/uploads\/2024\/02\/1500x1500-292x300.png 292w, https:\/\/tatdkursgunleri.org\/2025\/wp-content\/uploads\/2024\/02\/1500x1500-146x150.png 146w, https:\/\/tatdkursgunleri.org\/2025\/wp-content\/uploads\/2024\/02\/1500x1500-768x790.png 768w, https:\/\/tatdkursgunleri.org\/2025\/wp-content\/uploads\/2024\/02\/1500x1500-1494x1536.png 1494w, https:\/\/tatdkursgunleri.org\/2025\/wp-content\/uploads\/2024\/02\/1500x1500.png 1500w\" sizes=\"(max-width: 996px) 100vw, 996px\" \/><\/figure>\n\n\n\n<p>8. TATD Kurs G\u00fcnleri Kongresi TTB STE\/SMG Akreditasyon-Kredilendirme Kurulu bu etkinli\u011fi <strong>21 TTB STE\/SMG <\/strong>Kredisi ile akredite etmi\u015ftir.<\/p>\n\n\n\n<p>Bu etkinlikle ilgili bireysel kredilerinizi, <a href=\"https:\/\/kredilendirme.ttb.dr.tr\">https:\/\/kredilendirme.ttb.dr.tr<\/a> internet adresindeki TC Kimlik numaran\u0131za ba\u011fl\u0131 ki\u015fisel STE\/SMG kredilendirme hesab\u0131n\u0131zdan kat\u0131ld\u0131\u011f\u0131n\u0131z toplant\u0131lar\u0131 belirterek alabilirsiniz.<\/p>\n\n\n\n<p><\/p>\n","protected":false},"excerpt":{"rendered":"<p>8. TATD Kurs G\u00fcnleri Kongresi TTB STE\/SMG Akreditasyon-Kredilendirme Kurulu bu etkinli\u011fi 21 TTB STE\/SMG Kredisi ile akredite etmi\u015ftir. Bu etkinlikle ilgili bireysel kredilerinizi, https:\/\/kredilendirme.ttb.dr.tr internet adresindeki TC Kimlik numaran\u0131za ba\u011fl\u0131 ki\u015fisel STE\/SMG kredilendirme hesab\u0131n\u0131zdan kat\u0131ld\u0131\u011f\u0131n\u0131z toplant\u0131lar\u0131 belirterek alabilirsiniz.<\/p>\n","protected":false},"author":1,"featured_media":0,"parent":0,"menu_order":0,"comment_status":"closed","ping_status":"closed","template":"","meta":{"_eb_attr":"","footnotes":""},"class_list":["post-719","page","type-page","status-publish","hentry"],"blocksy_meta":[],"_links":{"self":[{"href":"https:\/\/tatdkursgunleri.org\/2025\/wp-json\/wp\/v2\/pages\/719","targetHints":{"allow":["GET"]}}],"collection":[{"href":"https:\/\/tatdkursgunleri.org\/2025\/wp-json\/wp\/v2\/pages"}],"about":[{"href":"https:\/\/tatdkursgunleri.org\/2025\/wp-json\/wp\/v2\/types\/page"}],"author":[{"embeddable":true,"href":"https:\/\/tatdkursgunleri.org\/2025\/wp-json\/wp\/v2\/users\/1"}],"replies":[{"embeddable":true,"href":"https:\/\/tatdkursgunleri.org\/2025\/wp-json\/wp\/v2\/comments?post=719"}],"version-history":[{"count":6,"href":"https:\/\/tatdkursgunleri.org\/2025\/wp-json\/wp\/v2\/pages\/719\/revisions"}],"predecessor-version":[{"id":2786,"href":"https:\/\/tatdkursgunleri.org\/2025\/wp-json\/wp\/v2\/pages\/719\/revisions\/2786"}],"wp:attachment":[{"href":"https:\/\/tatdkursgunleri.org\/2025\/wp-json\/wp\/v2\/media?parent=719"}],"curies":[{"name":"wp","href":"https:\/\/api.w.org\/{rel}","templated":true}]}}