{"id":721,"date":"2024-01-18T09:49:40","date_gmt":"2024-01-18T09:49:40","guid":{"rendered":"https:\/\/tatdkursgunleri.org\/2025\/?page_id=721"},"modified":"2025-01-14T11:35:18","modified_gmt":"2025-01-14T11:35:18","slug":"indirilebilir-materyal-seti","status":"publish","type":"page","link":"https:\/\/tatdkursgunleri.org\/2025\/indirilebilir-materyal-seti\/","title":{"rendered":"\u0130ndirilebilir Materyal Seti"},"content":{"rendered":"\t\t<div data-elementor-type=\"wp-page\" data-elementor-id=\"721\" class=\"elementor elementor-721\" data-elementor-post-type=\"page\">\n\t\t\t\t<div class=\"elementor-element elementor-element-51736aa9 e-flex e-con-boxed wpr-particle-no wpr-jarallax-no wpr-parallax-no wpr-sticky-section-no e-con e-parent\" data-id=\"51736aa9\" data-element_type=\"container\">\n\t\t\t\t\t<div class=\"e-con-inner\">\n\t\t\t\t<div class=\"elementor-element elementor-element-41f35240 elementor-widget elementor-widget-text-editor\" data-id=\"41f35240\" data-element_type=\"widget\" data-widget_type=\"text-editor.default\">\n\t\t\t\t<div class=\"elementor-widget-container\">\n\t\t\t\t\t\t\t\t\t\n<p>TATD Kurs G\u00fcnleri materyal seti, sunumunuzu haz\u0131rlarken ya da etkinlik \u00f6ncesinde, s\u0131ras\u0131nda ve sonras\u0131nda ileti\u015fiminizde yard\u0131mc\u0131 olmak i\u00e7in olu\u015fturulmu\u015ftur. A\u015fa\u011f\u0131da, resmi etkinlik bannerlar\u0131, sunum \u015fablonlar\u0131, bas\u0131l\u0131 g\u00f6rsel \u00e7al\u0131\u015fmalar kullan\u0131m\u0131n\u0131za sunulmu\u015ftur.<\/p>\n\t\t\t\t\t\t\t\t<\/div>\n\t\t\t\t<\/div>\n\t\t\t\t\t<\/div>\n\t\t\t\t<\/div>\n\t\t<div class=\"elementor-element elementor-element-8b92787 e-flex e-con-boxed wpr-particle-no wpr-jarallax-no wpr-parallax-no wpr-sticky-section-no e-con e-parent\" data-id=\"8b92787\" data-element_type=\"container\">\n\t\t\t\t\t<div class=\"e-con-inner\">\n\t\t<div class=\"elementor-element elementor-element-af578bb e-con-full e-flex wpr-particle-no wpr-jarallax-no wpr-parallax-no wpr-sticky-section-no e-con e-child\" data-id=\"af578bb\" data-element_type=\"container\">\n\t\t\t\t<div class=\"elementor-element elementor-element-a27fdf0 elementor-widget elementor-widget-heading\" data-id=\"a27fdf0\" data-element_type=\"widget\" data-widget_type=\"heading.default\">\n\t\t\t\t<div class=\"elementor-widget-container\">\n\t\t\t\t\t<h6 class=\"elementor-heading-title elementor-size-default\">16:9 Sunum \u015fablonu kapa\u011f\u0131<\/h6>\t\t\t\t<\/div>\n\t\t\t\t<\/div>\n\t\t\t\t<div class=\"elementor-element elementor-element-5acf0e5 elementor-widget elementor-widget-image\" data-id=\"5acf0e5\" data-element_type=\"widget\" data-widget_type=\"image.default\">\n\t\t\t\t<div class=\"elementor-widget-container\">\n\t\t\t\t\t\t\t\t\t\t\t\t\t\t\t\t<a href=\"https:\/\/tatdkursgunleri.org\/2025\/wp-content\/uploads\/2025\/01\/TATD_Kurs-Gunleri-Kongresi-2025-06-scaled.jpg\" data-elementor-open-lightbox=\"yes\" data-elementor-lightbox-title=\"TATD_Kurs-G\u00fcnleri-Kongresi-2025-06\" data-e-action-hash=\"#elementor-action%3Aaction%3Dlightbox%26settings%3DeyJpZCI6MjE1MSwidXJsIjoiaHR0cHM6XC9cL3RhdGRrdXJzZ3VubGVyaS5vcmdcLzIwMjVcL3dwLWNvbnRlbnRcL3VwbG9hZHNcLzIwMjVcLzAxXC9UQVREX0t1cnMtR3VubGVyaS1Lb25ncmVzaS0yMDI1LTA2LXNjYWxlZC5qcGcifQ%3D%3D\">\n\t\t\t\t\t\t\t<img fetchpriority=\"high\" decoding=\"async\" width=\"1024\" height=\"576\" src=\"https:\/\/tatdkursgunleri.org\/2025\/wp-content\/uploads\/2025\/01\/TATD_Kurs-Gunleri-Kongresi-2025-06-1024x576.jpg\" class=\"attachment-large size-large wp-image-2151\" alt=\"\" srcset=\"https:\/\/tatdkursgunleri.org\/2025\/wp-content\/uploads\/2025\/01\/TATD_Kurs-Gunleri-Kongresi-2025-06-1024x576.jpg 1024w, https:\/\/tatdkursgunleri.org\/2025\/wp-content\/uploads\/2025\/01\/TATD_Kurs-Gunleri-Kongresi-2025-06-300x169.jpg 300w, https:\/\/tatdkursgunleri.org\/2025\/wp-content\/uploads\/2025\/01\/TATD_Kurs-Gunleri-Kongresi-2025-06-150x84.jpg 150w, https:\/\/tatdkursgunleri.org\/2025\/wp-content\/uploads\/2025\/01\/TATD_Kurs-Gunleri-Kongresi-2025-06-768x432.jpg 768w, https:\/\/tatdkursgunleri.org\/2025\/wp-content\/uploads\/2025\/01\/TATD_Kurs-Gunleri-Kongresi-2025-06-1536x864.jpg 1536w, https:\/\/tatdkursgunleri.org\/2025\/wp-content\/uploads\/2025\/01\/TATD_Kurs-Gunleri-Kongresi-2025-06-2048x1152.jpg 2048w\" sizes=\"(max-width: 1024px) 100vw, 1024px\" \/>\t\t\t\t\t\t\t\t<\/a>\n\t\t\t\t\t\t\t\t\t\t\t\t\t\t\t<\/div>\n\t\t\t\t<\/div>\n\t\t\t\t<\/div>\n\t\t<div class=\"elementor-element elementor-element-a866005 e-con-full e-flex wpr-particle-no wpr-jarallax-no wpr-parallax-no wpr-sticky-section-no e-con e-child\" data-id=\"a866005\" data-element_type=\"container\">\n\t\t\t\t<div class=\"elementor-element elementor-element-1516830 elementor-widget elementor-widget-heading\" data-id=\"1516830\" data-element_type=\"widget\" data-widget_type=\"heading.default\">\n\t\t\t\t<div class=\"elementor-widget-container\">\n\t\t\t\t\t<h6 class=\"elementor-heading-title elementor-size-default\">16:9 Sunum \u015fablonu i\u00e7eri\u011fi<\/h6>\t\t\t\t<\/div>\n\t\t\t\t<\/div>\n\t\t\t\t<div class=\"elementor-element elementor-element-7abd7be elementor-widget elementor-widget-image\" data-id=\"7abd7be\" data-element_type=\"widget\" data-widget_type=\"image.default\">\n\t\t\t\t<div class=\"elementor-widget-container\">\n\t\t\t\t\t\t\t\t\t\t\t\t\t\t\t\t<a href=\"https:\/\/tatdkursgunleri.org\/2025\/Docs\/TATD-Kurs-G\u00fcnleri-Sunum-Sablon.pptx\">\n\t\t\t\t\t\t\t<img decoding=\"async\" width=\"1024\" height=\"576\" src=\"https:\/\/tatdkursgunleri.org\/2025\/wp-content\/uploads\/2025\/01\/TATD_Kurs-Gunleri-Kongresi-2025-07-1024x576.jpg\" class=\"attachment-large size-large wp-image-2152\" alt=\"\" srcset=\"https:\/\/tatdkursgunleri.org\/2025\/wp-content\/uploads\/2025\/01\/TATD_Kurs-Gunleri-Kongresi-2025-07-1024x576.jpg 1024w, https:\/\/tatdkursgunleri.org\/2025\/wp-content\/uploads\/2025\/01\/TATD_Kurs-Gunleri-Kongresi-2025-07-300x169.jpg 300w, https:\/\/tatdkursgunleri.org\/2025\/wp-content\/uploads\/2025\/01\/TATD_Kurs-Gunleri-Kongresi-2025-07-150x84.jpg 150w, https:\/\/tatdkursgunleri.org\/2025\/wp-content\/uploads\/2025\/01\/TATD_Kurs-Gunleri-Kongresi-2025-07-768x432.jpg 768w, https:\/\/tatdkursgunleri.org\/2025\/wp-content\/uploads\/2025\/01\/TATD_Kurs-Gunleri-Kongresi-2025-07-1536x864.jpg 1536w, https:\/\/tatdkursgunleri.org\/2025\/wp-content\/uploads\/2025\/01\/TATD_Kurs-Gunleri-Kongresi-2025-07-2048x1152.jpg 2048w\" sizes=\"(max-width: 1024px) 100vw, 1024px\" \/>\t\t\t\t\t\t\t\t<\/a>\n\t\t\t\t\t\t\t\t\t\t\t\t\t\t\t<\/div>\n\t\t\t\t<\/div>\n\t\t\t\t<\/div>\n\t\t<div class=\"elementor-element elementor-element-912dac2 e-con-full e-flex wpr-particle-no wpr-jarallax-no wpr-parallax-no wpr-sticky-section-no e-con e-child\" data-id=\"912dac2\" data-element_type=\"container\">\n\t\t\t\t<div class=\"elementor-element elementor-element-26b9a8b elementor-widget elementor-widget-heading\" data-id=\"26b9a8b\" data-element_type=\"widget\" data-widget_type=\"heading.default\">\n\t\t\t\t<div class=\"elementor-widget-container\">\n\t\t\t\t\t<h6 class=\"elementor-heading-title elementor-size-default\">800\u00d7200 px banner<\/h6>\t\t\t\t<\/div>\n\t\t\t\t<\/div>\n\t\t\t\t<div class=\"elementor-element elementor-element-665ceda elementor-widget elementor-widget-image\" data-id=\"665ceda\" data-element_type=\"widget\" data-widget_type=\"image.default\">\n\t\t\t\t<div class=\"elementor-widget-container\">\n\t\t\t\t\t\t\t\t\t\t\t\t\t\t\t\t<a href=\"https:\/\/tatdkursgunleri.org\/2025\/wp-content\/uploads\/2025\/01\/800\u00d7200-px-banner.jpg\" data-elementor-open-lightbox=\"yes\" data-elementor-lightbox-title=\"800\u00d7200-px-banner\" data-e-action-hash=\"#elementor-action%3Aaction%3Dlightbox%26settings%3DeyJpZCI6MjE1NSwidXJsIjoiaHR0cHM6XC9cL3RhdGRrdXJzZ3VubGVyaS5vcmdcLzIwMjVcL3dwLWNvbnRlbnRcL3VwbG9hZHNcLzIwMjVcLzAxXC84MDBcdTAwZDcyMDAtcHgtYmFubmVyLmpwZyJ9\">\n\t\t\t\t\t\t\t<img decoding=\"async\" width=\"800\" height=\"200\" src=\"https:\/\/tatdkursgunleri.org\/2025\/wp-content\/uploads\/2025\/01\/800\u00d7200-px-banner.jpg\" class=\"attachment-large size-large wp-image-2155\" alt=\"\" srcset=\"https:\/\/tatdkursgunleri.org\/2025\/wp-content\/uploads\/2025\/01\/800\u00d7200-px-banner.jpg 800w, https:\/\/tatdkursgunleri.org\/2025\/wp-content\/uploads\/2025\/01\/800\u00d7200-px-banner-300x75.jpg 300w, https:\/\/tatdkursgunleri.org\/2025\/wp-content\/uploads\/2025\/01\/800\u00d7200-px-banner-150x38.jpg 150w, https:\/\/tatdkursgunleri.org\/2025\/wp-content\/uploads\/2025\/01\/800\u00d7200-px-banner-768x192.jpg 768w\" sizes=\"(max-width: 800px) 100vw, 800px\" \/>\t\t\t\t\t\t\t\t<\/a>\n\t\t\t\t\t\t\t\t\t\t\t\t\t\t\t<\/div>\n\t\t\t\t<\/div>\n\t\t\t\t<div class=\"elementor-element elementor-element-403f573 elementor-widget elementor-widget-heading\" data-id=\"403f573\" data-element_type=\"widget\" data-widget_type=\"heading.default\">\n\t\t\t\t<div class=\"elementor-widget-container\">\n\t\t\t\t\t<h6 class=\"elementor-heading-title elementor-size-default\">500\u00d7200 px e-imza<\/h6>\t\t\t\t<\/div>\n\t\t\t\t<\/div>\n\t\t\t\t<div class=\"elementor-element elementor-element-98c0ec9 elementor-widget elementor-widget-image\" data-id=\"98c0ec9\" data-element_type=\"widget\" data-widget_type=\"image.default\">\n\t\t\t\t<div class=\"elementor-widget-container\">\n\t\t\t\t\t\t\t\t\t\t\t\t\t\t\t\t<a href=\"https:\/\/tatdkursgunleri.org\/2025\/wp-content\/uploads\/2025\/01\/500\u00d7200-px-e-imza.jpg\" data-elementor-open-lightbox=\"yes\" data-elementor-lightbox-title=\"500\u00d7200-px-e-imza\" data-e-action-hash=\"#elementor-action%3Aaction%3Dlightbox%26settings%3DeyJpZCI6MjE1NiwidXJsIjoiaHR0cHM6XC9cL3RhdGRrdXJzZ3VubGVyaS5vcmdcLzIwMjVcL3dwLWNvbnRlbnRcL3VwbG9hZHNcLzIwMjVcLzAxXC81MDBcdTAwZDcyMDAtcHgtZS1pbXphLmpwZyJ9\">\n\t\t\t\t\t\t\t<img loading=\"lazy\" decoding=\"async\" width=\"500\" height=\"200\" src=\"https:\/\/tatdkursgunleri.org\/2025\/wp-content\/uploads\/2025\/01\/500\u00d7200-px-e-imza.jpg\" class=\"attachment-large size-large wp-image-2156\" alt=\"\" srcset=\"https:\/\/tatdkursgunleri.org\/2025\/wp-content\/uploads\/2025\/01\/500\u00d7200-px-e-imza.jpg 500w, https:\/\/tatdkursgunleri.org\/2025\/wp-content\/uploads\/2025\/01\/500\u00d7200-px-e-imza-300x120.jpg 300w, https:\/\/tatdkursgunleri.org\/2025\/wp-content\/uploads\/2025\/01\/500\u00d7200-px-e-imza-150x60.jpg 150w\" sizes=\"(max-width: 500px) 100vw, 500px\" \/>\t\t\t\t\t\t\t\t<\/a>\n\t\t\t\t\t\t\t\t\t\t\t\t\t\t\t<\/div>\n\t\t\t\t<\/div>\n\t\t\t\t<\/div>\n\t\t<div class=\"elementor-element elementor-element-c190e16 e-con-full e-flex wpr-particle-no wpr-jarallax-no wpr-parallax-no wpr-sticky-section-no e-con e-child\" data-id=\"c190e16\" data-element_type=\"container\">\n\t\t\t\t<div class=\"elementor-element elementor-element-9ef2d91 elementor-widget elementor-widget-heading\" data-id=\"9ef2d91\" data-element_type=\"widget\" data-widget_type=\"heading.default\">\n\t\t\t\t<div class=\"elementor-widget-container\">\n\t\t\t\t\t<h6 class=\"elementor-heading-title elementor-size-default\">650\u00d7650 px kare banner<\/h6>\t\t\t\t<\/div>\n\t\t\t\t<\/div>\n\t\t\t\t<div class=\"elementor-element elementor-element-d28a65e elementor-widget elementor-widget-image\" data-id=\"d28a65e\" data-element_type=\"widget\" data-widget_type=\"image.default\">\n\t\t\t\t<div class=\"elementor-widget-container\">\n\t\t\t\t\t\t\t\t\t\t\t\t\t\t\t\t<a href=\"https:\/\/tatdkursgunleri.org\/2025\/wp-content\/uploads\/2025\/01\/650\u00d7650-px-banner.jpg\" data-elementor-open-lightbox=\"yes\" data-elementor-lightbox-title=\"650\u00d7650-px-banner\" data-e-action-hash=\"#elementor-action%3Aaction%3Dlightbox%26settings%3DeyJpZCI6MjE1NCwidXJsIjoiaHR0cHM6XC9cL3RhdGRrdXJzZ3VubGVyaS5vcmdcLzIwMjVcL3dwLWNvbnRlbnRcL3VwbG9hZHNcLzIwMjVcLzAxXC82NTBcdTAwZDc2NTAtcHgtYmFubmVyLmpwZyJ9\">\n\t\t\t\t\t\t\t<img loading=\"lazy\" decoding=\"async\" width=\"650\" height=\"650\" src=\"https:\/\/tatdkursgunleri.org\/2025\/wp-content\/uploads\/2025\/01\/650\u00d7650-px-banner.jpg\" class=\"attachment-large size-large wp-image-2154\" alt=\"\" srcset=\"https:\/\/tatdkursgunleri.org\/2025\/wp-content\/uploads\/2025\/01\/650\u00d7650-px-banner.jpg 650w, https:\/\/tatdkursgunleri.org\/2025\/wp-content\/uploads\/2025\/01\/650\u00d7650-px-banner-300x300.jpg 300w, https:\/\/tatdkursgunleri.org\/2025\/wp-content\/uploads\/2025\/01\/650\u00d7650-px-banner-150x150.jpg 150w\" sizes=\"(max-width: 650px) 100vw, 650px\" \/>\t\t\t\t\t\t\t\t<\/a>\n\t\t\t\t\t\t\t\t\t\t\t\t\t\t\t<\/div>\n\t\t\t\t<\/div>\n\t\t\t\t<\/div>\n\t\t\t\t\t<\/div>\n\t\t\t\t<\/div>\n\t\t<div class=\"elementor-element elementor-element-6ee39b2 e-flex e-con-boxed wpr-particle-no wpr-jarallax-no wpr-parallax-no wpr-sticky-section-no e-con e-parent\" data-id=\"6ee39b2\" data-element_type=\"container\">\n\t\t\t\t\t<div class=\"e-con-inner\">\n\t\t\t\t\t<\/div>\n\t\t\t\t<\/div>\n\t\t\t\t<\/div>\n\t\t","protected":false},"excerpt":{"rendered":"<p>TATD Kurs G\u00fcnleri materyal seti, sunumunuzu haz\u0131rlarken ya da etkinlik \u00f6ncesinde, s\u0131ras\u0131nda ve sonras\u0131nda ileti\u015fiminizde yard\u0131mc\u0131 olmak i\u00e7in olu\u015fturulmu\u015ftur. A\u015fa\u011f\u0131da, resmi etkinlik bannerlar\u0131, sunum \u015fablonlar\u0131, bas\u0131l\u0131 g\u00f6rsel \u00e7al\u0131\u015fmalar kullan\u0131m\u0131n\u0131za sunulmu\u015ftur. 16:9 Sunum \u015fablonu kapa\u011f\u0131 16:9 Sunum \u015fablonu i\u00e7eri\u011fi 800\u00d7200 px banner 500\u00d7200 px e-imza 650\u00d7650 px kare banner<\/p>\n","protected":false},"author":1,"featured_media":0,"parent":0,"menu_order":0,"comment_status":"closed","ping_status":"closed","template":"","meta":{"_eb_attr":"","footnotes":""},"class_list":["post-721","page","type-page","status-publish","hentry"],"blocksy_meta":[],"_links":{"self":[{"href":"https:\/\/tatdkursgunleri.org\/2025\/wp-json\/wp\/v2\/pages\/721","targetHints":{"allow":["GET"]}}],"collection":[{"href":"https:\/\/tatdkursgunleri.org\/2025\/wp-json\/wp\/v2\/pages"}],"about":[{"href":"https:\/\/tatdkursgunleri.org\/2025\/wp-json\/wp\/v2\/types\/page"}],"author":[{"embeddable":true,"href":"https:\/\/tatdkursgunleri.org\/2025\/wp-json\/wp\/v2\/users\/1"}],"replies":[{"embeddable":true,"href":"https:\/\/tatdkursgunleri.org\/2025\/wp-json\/wp\/v2\/comments?post=721"}],"version-history":[{"count":26,"href":"https:\/\/tatdkursgunleri.org\/2025\/wp-json\/wp\/v2\/pages\/721\/revisions"}],"predecessor-version":[{"id":2162,"href":"https:\/\/tatdkursgunleri.org\/2025\/wp-json\/wp\/v2\/pages\/721\/revisions\/2162"}],"wp:attachment":[{"href":"https:\/\/tatdkursgunleri.org\/2025\/wp-json\/wp\/v2\/media?parent=721"}],"curies":[{"name":"wp","href":"https:\/\/api.w.org\/{rel}","templated":true}]}}