{"id":792,"date":"2024-01-18T10:38:39","date_gmt":"2024-01-18T10:38:39","guid":{"rendered":"https:\/\/tatdkursgunleri.org\/2025\/?page_id=792"},"modified":"2025-01-14T12:39:39","modified_gmt":"2025-01-14T12:39:39","slug":"sponsorluk","status":"publish","type":"page","link":"https:\/\/tatdkursgunleri.org\/2025\/sponsorluk\/","title":{"rendered":"Sponsorluk"},"content":{"rendered":"\n<p>8. TATD Kurs G\u00fcnleri, end\u00fcstri kat\u0131l\u0131m\u0131 i\u00e7in \u00e7e\u015fitli sponsorluk olanaklar\u0131na sahiptir. Sponsorluk detaylar\u0131n\u0131 incelemek i\u00e7in bizlerle ileti\u015fime ge\u00e7ebilirsiniz;<\/p>\n\n\n\n<figure class=\"wp-block-image size-full\"><img decoding=\"async\" width=\"174\" height=\"65\" src=\"https:\/\/tatdkursgunleri.org\/2025\/wp-content\/uploads\/2024\/01\/Bros-Group-Renkli.png\" alt=\"\" class=\"wp-image-634\" srcset=\"https:\/\/tatdkursgunleri.org\/2025\/wp-content\/uploads\/2024\/01\/Bros-Group-Renkli.png 174w, https:\/\/tatdkursgunleri.org\/2025\/wp-content\/uploads\/2024\/01\/Bros-Group-Renkli-150x56.png 150w\" sizes=\"(max-width: 174px) 100vw, 174px\" \/><\/figure>\n\n\n\n<p><strong>Hatice \u00c7ilek<\/strong><br>Esentepe Mah. Sa\u011flam Fikir Sok. Esen Palas Apt.<br>No: 2 D:9 K:2 \u015ei\u015fli \/ \u0130stanbul<br>Tel: +90 212 296 66 70<br>Mobil: +90 542 422 60 93<br>E-Posta:\u00a0<a href=\"mailto:tatdkursgunleri@brosgroup.net\">tatdkursgunleri@brosgroup.net <\/a><\/p>\n","protected":false},"excerpt":{"rendered":"<p>8. TATD Kurs G\u00fcnleri, end\u00fcstri kat\u0131l\u0131m\u0131 i\u00e7in \u00e7e\u015fitli sponsorluk olanaklar\u0131na sahiptir. Sponsorluk detaylar\u0131n\u0131 incelemek i\u00e7in bizlerle ileti\u015fime ge\u00e7ebilirsiniz; Hatice \u00c7ilekEsentepe Mah. Sa\u011flam Fikir Sok. Esen Palas Apt.No: 2 D:9 K:2 \u015ei\u015fli \/ \u0130stanbulTel: +90 212 296 66 70Mobil: +90 542 422 60 93E-Posta:\u00a0tatdkursgunleri@brosgroup.net<\/p>\n","protected":false},"author":1,"featured_media":0,"parent":0,"menu_order":0,"comment_status":"closed","ping_status":"closed","template":"","meta":{"_eb_attr":"","footnotes":""},"class_list":["post-792","page","type-page","status-publish","hentry"],"blocksy_meta":[],"_links":{"self":[{"href":"https:\/\/tatdkursgunleri.org\/2025\/wp-json\/wp\/v2\/pages\/792","targetHints":{"allow":["GET"]}}],"collection":[{"href":"https:\/\/tatdkursgunleri.org\/2025\/wp-json\/wp\/v2\/pages"}],"about":[{"href":"https:\/\/tatdkursgunleri.org\/2025\/wp-json\/wp\/v2\/types\/page"}],"author":[{"embeddable":true,"href":"https:\/\/tatdkursgunleri.org\/2025\/wp-json\/wp\/v2\/users\/1"}],"replies":[{"embeddable":true,"href":"https:\/\/tatdkursgunleri.org\/2025\/wp-json\/wp\/v2\/comments?post=792"}],"version-history":[{"count":3,"href":"https:\/\/tatdkursgunleri.org\/2025\/wp-json\/wp\/v2\/pages\/792\/revisions"}],"predecessor-version":[{"id":2183,"href":"https:\/\/tatdkursgunleri.org\/2025\/wp-json\/wp\/v2\/pages\/792\/revisions\/2183"}],"wp:attachment":[{"href":"https:\/\/tatdkursgunleri.org\/2025\/wp-json\/wp\/v2\/media?parent=792"}],"curies":[{"name":"wp","href":"https:\/\/api.w.org\/{rel}","templated":true}]}}